{"id":1778,"date":"2020-04-30T17:57:04","date_gmt":"2020-04-30T15:57:04","guid":{"rendered":"http:\/\/www.ilgiornaledicarmignano.it\/?page_id=1778"},"modified":"2020-05-14T23:13:29","modified_gmt":"2020-05-14T21:13:29","slug":"eva","status":"publish","type":"page","link":"https:\/\/www.ilgiornaledicarmignano.it\/?page_id=1778","title":{"rendered":"Eva, arte e creativita&#8217; allo stato puro. ecco le sue proposte."},"content":{"rendered":"\n<p class=\"has-text-color has-green-color\"><strong>Il porta-mascherine<\/strong><\/p>\n\n\n\n<p>Ma voi, dove parcheggiate le mascherine?  Naturalmente parliamo di mascherine lavabili e\/o riutilizzabili. <strong>Oggi l&#8217;Eva dell&#8217;associazione culturale Pandora ci fa vedere come realizzare un simpatico porta mascherine<\/strong> che, quando finalmente sar\u00e0 possibile contrastare questo maledetto virus, potr\u00e0 essere riciclato per altri usi come ad es. appendi-asciughini o porta-chiavi o appendi shopper. Procuratevi un panetto di pasta modellabile tipo Das color terracotta o bianco o il classico grigio all&#8217;antica, ascoltate l&#8217;Eva e &#8230; buona fantasia!! <\/p>\n\n\n\n<figure class=\"wp-block-embed-youtube wp-block-embed is-type-video is-provider-youtube wp-embed-aspect-4-3 wp-has-aspect-ratio\"><div class=\"wp-block-embed__wrapper\">\n<iframe title=\"Tutorial porta mascherine\" width=\"474\" height=\"356\" src=\"https:\/\/www.youtube.com\/embed\/WaB7yYyIcyY?feature=oembed\" frameborder=\"0\" allow=\"accelerometer; autoplay; encrypted-media; gyroscope; picture-in-picture\" allowfullscreen><\/iframe>\n<\/div><\/figure>\n\n\n\n<p class=\"has-text-color has-green-color\"><strong>Yayoi Kusama, una forza creativa incomparabile<\/strong><\/p>\n\n\n\n<figure class=\"wp-block-image\"><img loading=\"lazy\" width=\"717\" height=\"519\" src=\"http:\/\/www.ilgiornaledicarmignano.it\/wp-content\/uploads\/2020\/05\/Immagine.jpg\" alt=\"\" class=\"wp-image-1873\" srcset=\"https:\/\/www.ilgiornaledicarmignano.it\/wp-content\/uploads\/2020\/05\/Immagine.jpg 717w, https:\/\/www.ilgiornaledicarmignano.it\/wp-content\/uploads\/2020\/05\/Immagine-300x217.jpg 300w\" sizes=\"(max-width: 717px) 100vw, 717px\" \/><figcaption>Yayoi Kusama con una delle sue famose zucche<\/figcaption><\/figure>\n\n\n\n<p>91 anni ed \u00e8 ancora una forza creativa incomparabile. Yayoi Kusama \u00e8 una delle donne artiste contemporanee pi\u00f9 famose al mondo e anche pi\u00f9 apprezzate. <strong>Diventata famosa come la donna dei pois<\/strong>, il suo mirabile lavoro le ha permesso di sconfinare gli ambienti dell&#8217;arte e di arrivare, in tempi recenti, a influenzare anche quello della musica e della moda. Con Peter Gabriel ha realizzato il video di Love Town e con Louis Vuitton ha creato una collezione entrata di diritto nella storia della moda: i suoi pois sono andati ad arricchire accessori, abiti e borse della celebre griffe. <br>Il suo dipinto White No. 28 (1929) \u00e8 stato battuto all&#8217;asta da Christie\u2019s per 7,1 milioni di dollari.<\/p>\n\n\n\n<figure class=\"wp-block-embed-youtube wp-block-embed is-type-video is-provider-youtube wp-embed-aspect-16-9 wp-has-aspect-ratio\"><div class=\"wp-block-embed__wrapper\">\n<iframe title=\"Artista giapponese\" width=\"474\" height=\"267\" src=\"https:\/\/www.youtube.com\/embed\/FWvVB1bfuBw?feature=oembed\" frameborder=\"0\" allow=\"accelerometer; autoplay; encrypted-media; gyroscope; picture-in-picture\" allowfullscreen><\/iframe>\n<\/div><figcaption>Yayoi Kusama<\/figcaption><\/figure>\n\n\n\n<p class=\"has-text-color has-green-color\"><strong>Eva \u00e8 bravissima con il riciclo di materiale di uso comune!<\/strong><\/p>\n\n\n\n<p>Ecco come realizzare delle simpatiche<strong> gallinelle portauovo<\/strong>  per rendere omaggio alla Primavera, stagione in cui la natura rinasce. <strong>Preparate: tubi della carta igienica o scottex, cartoncino, colla e colori&#8230;.e seguite il tutorial fotografico di Eva. <\/strong><\/p>\n\n\n\n<figure class=\"wp-block-embed-youtube wp-block-embed is-type-video is-provider-youtube wp-embed-aspect-16-9 wp-has-aspect-ratio\"><div class=\"wp-block-embed__wrapper\">\n<iframe title=\"le galline portauovo\" width=\"474\" height=\"267\" src=\"https:\/\/www.youtube.com\/embed\/oRtBk64HgbM?feature=oembed\" frameborder=\"0\" allow=\"accelerometer; autoplay; encrypted-media; gyroscope; picture-in-picture\" allowfullscreen><\/iframe>\n<\/div><figcaption>Gallinelle portauovo by Eva associazione culturale Pandora<\/figcaption><\/figure>\n\n\n\n<p><strong>Calzini portacandele<\/strong> \/\/ A tutti capita di ritrovarsi con i <strong>calzini spaiati. <\/strong>Non buttateli! Possono essere riutilizzati in tanti modi. Occorrono alcuni oggi di recupero e guardare come fa Eva nel suo tutorial fotografico. Un particolare: niente colla! <br> -calzino solitario (anche rotto va bene!) <br> -barattolo di alluminio (pomodori, fagioli, tonno\u2026) <br> -barattolino di vetro <br> -candelotto <\/p>\n\n\n\n<figure class=\"wp-block-embed-youtube wp-block-embed is-type-video is-provider-youtube wp-embed-aspect-16-9 wp-has-aspect-ratio\"><div class=\"wp-block-embed__wrapper\">\n<iframe title=\"Tutorial calzini portacandele\" width=\"474\" height=\"267\" src=\"https:\/\/www.youtube.com\/embed\/Mqec0ly6thU?feature=oembed\" frameborder=\"0\" allow=\"accelerometer; autoplay; encrypted-media; gyroscope; picture-in-picture\" allowfullscreen><\/iframe>\n<\/div><figcaption>Calzini portacandele by Eva associazione culturale Pandora<\/figcaption><\/figure>\n","protected":false},"excerpt":{"rendered":"<p>Il porta-mascherine Ma voi, dove parcheggiate le mascherine? Naturalmente parliamo di mascherine lavabili e\/o riutilizzabili. Oggi l&#8217;Eva dell&#8217;associazione culturale Pandora ci fa vedere come realizzare un simpatico porta mascherine che, quando finalmente sar\u00e0 possibile contrastare questo maledetto virus, potr\u00e0 essere riciclato per altri usi come ad es. appendi-asciughini o porta-chiavi o appendi shopper. Procuratevi un &hellip; <a href=\"https:\/\/www.ilgiornaledicarmignano.it\/?page_id=1778\" class=\"more-link\">Continua la lettura di <span class=\"screen-reader-text\">Eva, arte e creativita&#8217; allo stato puro. ecco le sue proposte.<\/span> <span class=\"meta-nav\">&rarr;<\/span><\/a><\/p>\n","protected":false},"author":1,"featured_media":0,"parent":0,"menu_order":0,"comment_status":"closed","ping_status":"closed","template":"","meta":{"ngg_post_thumbnail":0},"_links":{"self":[{"href":"https:\/\/www.ilgiornaledicarmignano.it\/index.php?rest_route=\/wp\/v2\/pages\/1778"}],"collection":[{"href":"https:\/\/www.ilgiornaledicarmignano.it\/index.php?rest_route=\/wp\/v2\/pages"}],"about":[{"href":"https:\/\/www.ilgiornaledicarmignano.it\/index.php?rest_route=\/wp\/v2\/types\/page"}],"author":[{"embeddable":true,"href":"https:\/\/www.ilgiornaledicarmignano.it\/index.php?rest_route=\/wp\/v2\/users\/1"}],"replies":[{"embeddable":true,"href":"https:\/\/www.ilgiornaledicarmignano.it\/index.php?rest_route=%2Fwp%2Fv2%2Fcomments&post=1778"}],"version-history":[{"count":18,"href":"https:\/\/www.ilgiornaledicarmignano.it\/index.php?rest_route=\/wp\/v2\/pages\/1778\/revisions"}],"predecessor-version":[{"id":2017,"href":"https:\/\/www.ilgiornaledicarmignano.it\/index.php?rest_route=\/wp\/v2\/pages\/1778\/revisions\/2017"}],"wp:attachment":[{"href":"https:\/\/www.ilgiornaledicarmignano.it\/index.php?rest_route=%2Fwp%2Fv2%2Fmedia&parent=1778"}],"curies":[{"name":"wp","href":"https:\/\/api.w.org\/{rel}","templated":true}]}}