{"id":1775,"date":"2020-04-30T17:53:32","date_gmt":"2020-04-30T15:53:32","guid":{"rendered":"http:\/\/www.ilgiornaledicarmignano.it\/?page_id=1775"},"modified":"2020-06-19T02:30:41","modified_gmt":"2020-06-19T00:30:41","slug":"veruska","status":"publish","type":"page","link":"https:\/\/www.ilgiornaledicarmignano.it\/?page_id=1775","title":{"rendered":"Veruska. La Natura, una vera attrazione"},"content":{"rendered":"\n<h2>Per Veruska la passione pi\u00f9 grande \u00e8 la Madre Terra e tutto ci\u00f2 che la riguarda. <\/h2>\n\n\n\n<p class=\"has-medium-font-size\"><strong>Le rose<\/strong><\/p>\n\n\n\n<p>I petali di rosa sono conosciuti dalla medicina ayurvedica come ottimo rimedio rinfrescante. Questi preziosi fiori aiutano anche a depurare l\u2019organismo, rinforzare il sistema immunitario e quello respiratorio. Non a caso un infuso preparato con una manciata di petali di rosa pu\u00f2 essere d\u2019aiuto in caso di influenza e raffreddore e anche un valido ricostituente. Ma vediamo quali altre virt\u00f9 possiedono i petali di rosa:<br><strong>&#8211; eliminano l\u2019insonnia grazie ai flavonoidi in esse contenuti che stimolano il rilassamento e il sonno profondo;<br>&#8211; proteggono il fegato;<br>&#8211; aumentano il desiderio sessuale.<\/strong><br>Molte, quindi, sono le propriet\u00e0 di un fiore che regna nei nostri giardini e balconi e spero che vi abbia fatto piacere saperle. In pi\u00f9, quando si conoscono bene le cose che ci circondano, \u00e8 pi\u00f9 semplice amarle.  <\/p>\n\n\n\n<div class=\"wp-block-image\"><figure class=\"aligncenter\"><img loading=\"lazy\" width=\"269\" height=\"300\" src=\"http:\/\/www.ilgiornaledicarmignano.it\/wp-content\/uploads\/2020\/06\/50cc1239-f382-4ff4-ab4c-eaa56af8944c-269x300.jpg\" alt=\"\" class=\"wp-image-2181\" srcset=\"https:\/\/www.ilgiornaledicarmignano.it\/wp-content\/uploads\/2020\/06\/50cc1239-f382-4ff4-ab4c-eaa56af8944c-269x300.jpg 269w, https:\/\/www.ilgiornaledicarmignano.it\/wp-content\/uploads\/2020\/06\/50cc1239-f382-4ff4-ab4c-eaa56af8944c.jpg 479w\" sizes=\"(max-width: 269px) 100vw, 269px\" \/><\/figure><\/div>\n\n\n\n<p class=\"has-medium-font-size\"><strong>Sali\nda bagno alla lavanda<\/strong><\/p>\n\n\n\n<p>Oltre che per il suo inconfondibile profumo, <strong>la lavanda \u00e8 nota per le sue propriet\u00e0 rilassanti. <\/strong>Perfetta dunque per preparare i sali da bagno, non solo per la vasca ma anche per un bel pediluvio dopo una lunga camminata o una stancante giornata di lavoro. <\/p>\n\n\n\n<p>Occorrono: 500 gr di sale grosso, circa 100 gr di fiori di lavanda (meglio se essiccata); un cucchiaio di glicerina vegetale. E se volete dare un tocco di colore, 2 gocce di colorante alimentare. <\/p>\n\n\n\n<p><em>Versare il sale in una ciotola abbastanza capiente. Togliere tutto il verde alla lavanda. Sminuzzare i fiori nel sale, aggiungere la glicerina e il colorante (opzionale). Amalgamare bene e lasciar riposare per almeno 20 giorni, dando una mescolata ogni giorno. Chiudete i vostri sali da bagno in barattoli di vetro per conservarne il buono odore.<\/em><\/p>\n\n\n\n<figure class=\"wp-block-embed-youtube wp-block-embed is-type-video is-provider-youtube wp-embed-aspect-4-3 wp-has-aspect-ratio\"><div class=\"wp-block-embed__wrapper\">\n<iframe title=\"Tutorial sali da bagno\" width=\"474\" height=\"356\" src=\"https:\/\/www.youtube.com\/embed\/-2_V0SLMfIs?feature=oembed\" frameborder=\"0\" allow=\"accelerometer; autoplay; encrypted-media; gyroscope; picture-in-picture\" allowfullscreen><\/iframe>\n<\/div><\/figure>\n\n\n\n<p class=\"has-medium-font-size\"><strong>Crema viso fai-da-te nutriente e golosa!!<\/strong><\/p>\n\n\n\n<p>Ecco una ricetta facilissima ed economica per preparare con i prodotti che abbiamo in casa una crema idratante e nutriente per il illuminare la pelle del viso. Mettete sul tavolo yogurt, miele, cacao in polvere e olio di oliva e seguiamo attentamente il tutorial di Veruska.<\/p>\n\n\n\n<figure class=\"wp-block-embed-youtube wp-block-embed is-type-video is-provider-youtube wp-embed-aspect-16-9 wp-has-aspect-ratio\"><div class=\"wp-block-embed__wrapper\">\n<iframe title=\"Ricetta crema viso fai da te\" width=\"474\" height=\"267\" src=\"https:\/\/www.youtube.com\/embed\/ENx5edLr-LA?feature=oembed\" frameborder=\"0\" allow=\"accelerometer; autoplay; encrypted-media; gyroscope; picture-in-picture\" allowfullscreen><\/iframe>\n<\/div><\/figure>\n\n\n\n<p class=\"has-medium-font-size\"><strong>Rudolf Steiner. Agricoltura e Filosofia. <\/strong><\/p>\n\n\n\n<p>Rudolf Steiner nasce il 27 febbraio 1861 a Kraljevic. Nel 1879 inizia i suoi studi di matematica e scienze alla Universit\u00e0 di Vienna frequentando anche corsi di letteratura, filosofia e storia materie che influenzeranno profondamente il suo pensiero. Si occupa a fondo di studi su Goethe. A Weimar nel 1890 divenne collaboratore dell\u2019Archivio di Goethe e Schiller. Cur\u00f2 l\u2019edizione degli scritti scientifici di Goethe fatta da questa istituzione. Nel 1891 si laurea in filosofia con una tesi su temi di gnoseologia che verr\u00e0 pubblicata nel suo primo libro \u201cVerit\u00e0 e scienza\u201d nel 1892. Nel 1894 pubblica la \u201cFilosofia della Libert\u00e0\u201d. Dal 1897 inizi\u00f2 la sua attivit\u00e0 di insegnante e pubblic\u00f2 molti libri legati alla filosofia sia a livello umano che agricolo. La filosofia, la pedagogia, la medicina e l&#8217;agricoltura celebrano la sua nascita, come fondatore e padre della antroposofia e della biodinamica. Fu un grande filosofo, pedagogista e riformista sociale.<\/p>\n\n\n\n<div class=\"wp-block-image\"><figure class=\"aligncenter\"><img loading=\"lazy\" width=\"212\" height=\"300\" src=\"http:\/\/www.ilgiornaledicarmignano.it\/wp-content\/uploads\/2020\/05\/Steiner-212x300.jpg\" alt=\"\" class=\"wp-image-1783\" srcset=\"https:\/\/www.ilgiornaledicarmignano.it\/wp-content\/uploads\/2020\/05\/Steiner-212x300.jpg 212w, https:\/\/www.ilgiornaledicarmignano.it\/wp-content\/uploads\/2020\/05\/Steiner.jpg 296w\" sizes=\"(max-width: 212px) 100vw, 212px\" \/><figcaption>Rudolf Steiner<\/figcaption><\/figure><\/div>\n\n\n\n<p>La convinzione che il metodo di osservazione adottato dalla\nscienza moderna portasse solo alla considerazione di una natura priva\ndell\u2019elemento vitale, porter\u00e0 Steiner a trovare nuovi metodi per lo studio\ndell\u2019anima su base scientifica e cos\u00ed nacque la pedagogia Waldorf basata\nsull\u2019idea di un\u2019educazione priva di nozionismo e sulla formazione della\npersonalit\u00e0 dell\u2019allievo a seconda dell\u2019et\u00e0, senza quindi bocciature, nella\npiena libert\u00e0 di coltivare tutte le discipline impartite attraverso\nl\u2019autoeducazione e la completa autogestione degli insegnanti e quindi\nstimolando la parte spirituale dell&#8217;essere vivente che poi lo condusse negli\nultimi anni della sua vita all\u2019agricoltura biodinamica, facendo conciliare la\nvisione spirituale antroposofica del mondo alla produzione di cibo attraverso\nuna serie di riti, come l\u2019osservazione delle fasi lunari, e il compostaggio,\nl\u2019elemento fondamentale per il rispetto di un ecosistema in continua trasformazione\ngenerato dallo stretto binomio suolo-vita. La radice scientifica delle pratiche\nbiodinamiche si intreccia al concetto di energia vitale e a sistemi non\ndecifrabile dalla scienza ufficiale, per esempio lo spargimento di soluzioni\nottenute dalla miscela di letame e polvere di quarzo. Secondo i sostenitori del\nmetodo steineriano, le pratiche biodinamiche vengono impiegate per tutelare la\nricchezza del suolo e la vita delle piante, oltre a fornire un prodotto pi\u00f9\nbuono e salutare perch\u00e9 totalmente privo di sostanze nocive per tutti gli\nesseri viventi.<\/p>\n\n\n\n<p>Il contributo di Rudolf Steiner all&#8217;agricoltura \u00e8 stato quello di infondere la consapevolezza nell\u2019agricoltore di dover aiutare la natura a evolversi, per questo le pratiche agricole steineriane invitano a rispettare il mondo sensibile e la realt\u00e0 soprasensibile e cosmica. Steiner stesso affermava che \u201cla vita proviene dall\u2019intero universo e non semplicemente da quello che ci da la terra\u201d, per questo motivo la biodinamica segue il principio scientifico spirituale dell\u2019antroposofia steineriana per risolvere il problema della mancanza di suolo fertile, della riduzione dei periodi germinativi delle piante e della qualit\u00e0 del cibo.<\/p>\n\n\n\n<p class=\"has-medium-font-size\"><strong>L&#8217;aglio per rafforzare il sistema immunitario<\/strong><\/p>\n\n\n\n<p>Dalla natura ecco un suggerimento per rafforzare il nostro sistema immunitario. Le piante che possono aiutarlo sono molte, ma in specifico due: l&#8217;Echinacea purpurea e l&#8217;aglio, Allium sativum L. &#8211; entrambe coltivabili anche sul balcone di casa. L\u2019aglio \u00e8 anche antinfluenzale e un buon antisettico per la gola. Con entrambe si possono ottenere ottime tisane da assumere regolarmente ogni giorno. Per saperne di pi\u00f9, chiedetelo direttamente a Veruska (Fb Associazione Pandora arte spettacolo e non solo).<\/p>\n\n\n\n<figure class=\"wp-block-image\"><img loading=\"lazy\" width=\"1024\" height=\"427\" src=\"http:\/\/www.ilgiornaledicarmignano.it\/wp-content\/uploads\/2020\/05\/Erbe_Veruska-1024x427.jpg\" alt=\"\" class=\"wp-image-1787\" srcset=\"https:\/\/www.ilgiornaledicarmignano.it\/wp-content\/uploads\/2020\/05\/Erbe_Veruska-1024x427.jpg 1024w, https:\/\/www.ilgiornaledicarmignano.it\/wp-content\/uploads\/2020\/05\/Erbe_Veruska-300x125.jpg 300w, https:\/\/www.ilgiornaledicarmignano.it\/wp-content\/uploads\/2020\/05\/Erbe_Veruska-768x321.jpg 768w, https:\/\/www.ilgiornaledicarmignano.it\/wp-content\/uploads\/2020\/05\/Erbe_Veruska.jpg 1143w\" sizes=\"(max-width: 1024px) 100vw, 1024px\" \/><\/figure>\n","protected":false},"excerpt":{"rendered":"<p>Per Veruska la passione pi\u00f9 grande \u00e8 la Madre Terra e tutto ci\u00f2 che la riguarda. Le rose I petali di rosa sono conosciuti dalla medicina ayurvedica come ottimo rimedio rinfrescante. Questi preziosi fiori aiutano anche a depurare l\u2019organismo, rinforzare il sistema immunitario e quello respiratorio. Non a caso un infuso preparato con una manciata &hellip; <a href=\"https:\/\/www.ilgiornaledicarmignano.it\/?page_id=1775\" class=\"more-link\">Continua la lettura di <span class=\"screen-reader-text\">Veruska. La Natura, una vera attrazione<\/span> <span class=\"meta-nav\">&rarr;<\/span><\/a><\/p>\n","protected":false},"author":1,"featured_media":0,"parent":0,"menu_order":0,"comment_status":"closed","ping_status":"closed","template":"","meta":{"ngg_post_thumbnail":0},"_links":{"self":[{"href":"https:\/\/www.ilgiornaledicarmignano.it\/index.php?rest_route=\/wp\/v2\/pages\/1775"}],"collection":[{"href":"https:\/\/www.ilgiornaledicarmignano.it\/index.php?rest_route=\/wp\/v2\/pages"}],"about":[{"href":"https:\/\/www.ilgiornaledicarmignano.it\/index.php?rest_route=\/wp\/v2\/types\/page"}],"author":[{"embeddable":true,"href":"https:\/\/www.ilgiornaledicarmignano.it\/index.php?rest_route=\/wp\/v2\/users\/1"}],"replies":[{"embeddable":true,"href":"https:\/\/www.ilgiornaledicarmignano.it\/index.php?rest_route=%2Fwp%2Fv2%2Fcomments&post=1775"}],"version-history":[{"count":17,"href":"https:\/\/www.ilgiornaledicarmignano.it\/index.php?rest_route=\/wp\/v2\/pages\/1775\/revisions"}],"predecessor-version":[{"id":2182,"href":"https:\/\/www.ilgiornaledicarmignano.it\/index.php?rest_route=\/wp\/v2\/pages\/1775\/revisions\/2182"}],"wp:attachment":[{"href":"https:\/\/www.ilgiornaledicarmignano.it\/index.php?rest_route=%2Fwp%2Fv2%2Fmedia&parent=1775"}],"curies":[{"name":"wp","href":"https:\/\/api.w.org\/{rel}","templated":true}]}}