{"id":1771,"date":"2020-04-30T17:45:59","date_gmt":"2020-04-30T15:45:59","guid":{"rendered":"http:\/\/www.ilgiornaledicarmignano.it\/?page_id=1771"},"modified":"2020-06-19T02:03:05","modified_gmt":"2020-06-19T00:03:05","slug":"samanta","status":"publish","type":"page","link":"https:\/\/www.ilgiornaledicarmignano.it\/?page_id=1771","title":{"rendered":"Samanta, passione sconfinata per il teatro e la poesia"},"content":{"rendered":"\n<h2>Tiffany McDaniel. Bellissima e maledetta<\/h2>\n\n\n\n<p><em>Casa \u00e8 un narratore che non riesce a ricordare se sia un&#8217;eroina o una criminale<\/em>.  Con questa frase apre la sua raccolta di poesie &#8220;<em>Que<\/em>ste voci mi battono viva&#8221; l&#8217;autrice che vi presento quest&#8217;oggi: Tiffany McDaniel.  <\/p>\n\n\n\n<p>Giovanissima, statunitense dell&#8217;Ohio, classe 1985, Tiffany esordisce con il suo primo romanzo a soli 18 anni ed \u00e8 subito il caso letterario dell&#8217;anno. Dall&#8217;Ohio racconta il bene e il male che albergano in ognuno di noi senza pudore n\u00e9 vergogna. Se potessimo paragonarla ad un pittore penserei a Francis Bacon per intendersi, stessa drammatica <strong>disinvoltura nel rappresentare il lato orribile di ognuno di noi. <\/strong><\/p>\n\n\n\n<p>Tiffany McDaniel era gi\u00e0 conosciuta dal pubblico per i suoi romanzi, \u201cL\u2019estate che sciolse ogni cosa\u201d e \u201cIl caos da cui veniamo\u201d, quando esordisce in poesia dove mostra la saggezza di una vecchia signora nella sua inaspettata raccolta &#8220;Queste voci mi battono viva&#8221; (Atlantide, traduzione di Simone Caltabellota) pubblicata in contemporanea al secondo romanzo con il quale condivide immagini, sensazioni, ma soprattutto l\u2019estraniamento di una figura femminile che non vuole e non riesce ad accettare la sua condizione in una societ\u00e0 in cui il sesso appare come una maledizione per le donne: &#8220;Il sesso era usato come strumento di supremazia sulle donne. Ho cercato di dare voce a chi \u00e8 stato messo a tacere\u201d. Racconta questo Tiffany McDaniel intervistata da Repubblica alla domanda su cosa intendesse trasmettere con i suoi lavori, e ancora: \u201cIl male sta in equilibrio in tutto il nostro sangue\u201d. <strong>Tiffany ha sempre presente che il bene e il male sono dentro ognuno di noi e da sempre questa dualit\u00e0 sembra affascinarla.<\/strong> Mentre i suoi romanzi si svolgono in atmosfere gotiche, le poesie sono essenziali, quasi scarnificate. Per undici anni i suoi manoscritti sono stati rifiutati dagli editori con la motivazione che li consideravano troppo cupi e\u00a0 troppo rischiosi da pubblicare. A questi continui rifiuti Tiffany risponde accusando il mondo dell\u2019editoria di essere sessista e di ghettizzare la cosiddetta letteratura femminile: &#8220;Affronto temi cupi e questo \u00e8 inammissibile: una donna che esplora il buio \u00e8 reputata rischiosa\u201d.<\/p>\n\n\n\n<p><strong>Tiffany McDaniel non \u00e8 sui social media<\/strong>, vive ancora in un paese sperduto dell\u2019Ohio. Conduce una vita ritirata grazie alla quale\u00a0 i suoi pensieri prendono forma come scritti, racconti e poesie, tutti veri e propri testamenti della verit\u00e0 nascosta da una societ\u00e0, quella americana, che non ammette n\u00e9 la bruttura dell&#8217;essere umano n\u00e9 il suo inesorabile fallimento.<\/p>\n\n\n\n<figure class=\"wp-block-image\"><img loading=\"lazy\" width=\"1024\" height=\"521\" src=\"http:\/\/www.ilgiornaledicarmignano.it\/wp-content\/uploads\/2020\/06\/fc2e35c4-057c-4588-8671-2175d0eb2654-1024x521.jpg\" alt=\"\" class=\"wp-image-2177\" srcset=\"https:\/\/www.ilgiornaledicarmignano.it\/wp-content\/uploads\/2020\/06\/fc2e35c4-057c-4588-8671-2175d0eb2654-1024x521.jpg 1024w, https:\/\/www.ilgiornaledicarmignano.it\/wp-content\/uploads\/2020\/06\/fc2e35c4-057c-4588-8671-2175d0eb2654-300x153.jpg 300w, https:\/\/www.ilgiornaledicarmignano.it\/wp-content\/uploads\/2020\/06\/fc2e35c4-057c-4588-8671-2175d0eb2654-768x391.jpg 768w, https:\/\/www.ilgiornaledicarmignano.it\/wp-content\/uploads\/2020\/06\/fc2e35c4-057c-4588-8671-2175d0eb2654.jpg 1274w\" sizes=\"(max-width: 1024px) 100vw, 1024px\" \/><figcaption>Tiffany McDaniel<\/figcaption><\/figure>\n\n\n\n<h2>Goliarda Sapienza. Ritratto.<\/h2>\n\n\n\n<p>Oggi Samanta dell&#8217;Associazione culturale Pandora vi presenta Goliarda Sapienza nella sua veste pi\u00f9 intima attraverso la sua raccolta di poesie &#8220;Ancestrale&#8221;, uscita postuma.<\/p>\n\n\n\n<p>Goliarda nasce il 10 maggio 1924 a Catania. E&#8217; attrice teatrale, attrice cinematografica e scrittrice. Figlia di Giuseppe Sapienza e Maria Giudice (sua madre \u00e8 stata la prima dirigente donna della Camera del Lavoro di Torino), <strong>crebbe, per volere dei genitori, in un clima di assoluta libert\u00e0 da vincoli sociali<\/strong>: il padre ritenne opportuno non farle nemmeno frequentare la scuola, per evitare che la figlia fosse soggetta a imposizioni e influenze fasciste.&nbsp; Lasci\u00f2 presto la carriera di attrice per dedicarsi alla scrittura. Il suo primo romanzo fu <em>Lettera aperta<\/em> (1967), che raccontava l&#8217;infanzia catanese, seguito da <em>Il filo di mezzogiorno<\/em> (1969) resoconto della terapia psicanalitica con il medico messinese Ignazio Majore.<\/p>\n\n\n\n<figure class=\"wp-block-image\"><img loading=\"lazy\" width=\"300\" height=\"235\" src=\"http:\/\/www.ilgiornaledicarmignano.it\/wp-content\/uploads\/2020\/05\/47381ea3-4868-45cc-845f-5773358b2a4b-300x235.jpg\" alt=\"\" class=\"wp-image-1956\" srcset=\"https:\/\/www.ilgiornaledicarmignano.it\/wp-content\/uploads\/2020\/05\/47381ea3-4868-45cc-845f-5773358b2a4b-300x235.jpg 300w, https:\/\/www.ilgiornaledicarmignano.it\/wp-content\/uploads\/2020\/05\/47381ea3-4868-45cc-845f-5773358b2a4b.jpg 482w\" sizes=\"(max-width: 300px) 100vw, 300px\" \/><\/figure>\n\n\n\n<p>Nel 1980 fin\u00ec in carcere per un furto di oggetti in casa di amiche. Sempre in carcere, ma anche successivamente, continu\u00f2 l&#8217;opera di scrittrice pubblicando alcune sue opere come <em>L&#8217;universit\u00e0 di Rebibbia<\/em> e <em>Le certezze del dubbio<\/em>,&nbsp; grazie all&#8217;incontro con il conterraneo poeta ed editore Beppe Costa, che si batt\u00e9 a lungo per lei. Goliarda Sapienza riusc\u00ec comunque a pubblicare, con la sua casa editrice Pellicanolibri, <em>Le certezze del dubbio<\/em>, 1987 e fu premiata successivamente in occasione del Premio Casalotti 1994. Il suo romanzo pi\u00f9 celebre, <em>L&#8217;arte della gioia<\/em>, fu pubblicato postumo per intero da Stampa Alternativa nel 1998. <\/p>\n\n\n\n<p><strong>Goliarda ha sempre vissuto non inquadrata in un panorama letterario, scriveva e basta. <\/strong>Il suo percorso di scrittrice \u00e8 stato fortemente segnato dalle delusioni ma non per questo \u00e8 scesa mai a patti con un pubblico o un critico. <\/p>\n\n\n\n<p>Questa raccolta di poesie inedita dagli anni 50, \u00e8 in realt\u00e0 l&#8217;atto di nascita dell&#8217;esistenza letteraria di Goliarda che non volle pubblicare in vita poich\u00e9 il suo pudore non poteva superare certi scogli. Questa raccolta era tutto il suo pudore.<\/p>\n\n\n\n<div class=\"wp-block-image\"><figure class=\"aligncenter\"><img loading=\"lazy\" width=\"1024\" height=\"512\" src=\"http:\/\/www.ilgiornaledicarmignano.it\/wp-content\/uploads\/2020\/05\/60d29ad8-4a9f-4b94-b89e-53851fda1084-2-1024x512.jpg\" alt=\"\" class=\"wp-image-1960\" srcset=\"https:\/\/www.ilgiornaledicarmignano.it\/wp-content\/uploads\/2020\/05\/60d29ad8-4a9f-4b94-b89e-53851fda1084-2-1024x512.jpg 1024w, https:\/\/www.ilgiornaledicarmignano.it\/wp-content\/uploads\/2020\/05\/60d29ad8-4a9f-4b94-b89e-53851fda1084-2-300x150.jpg 300w, https:\/\/www.ilgiornaledicarmignano.it\/wp-content\/uploads\/2020\/05\/60d29ad8-4a9f-4b94-b89e-53851fda1084-2-768x384.jpg 768w, https:\/\/www.ilgiornaledicarmignano.it\/wp-content\/uploads\/2020\/05\/60d29ad8-4a9f-4b94-b89e-53851fda1084-2.jpg 1296w\" sizes=\"(max-width: 1024px) 100vw, 1024px\" \/><\/figure><\/div>\n\n\n\n<h2><strong>\u201cGuardami: sono nuda\u201d<\/strong><\/h2>\n\n\n\n<p>Con questa frase di Antonia Pozzi vorrei invitarvi a scoprire questa meravigliosa poetessa e la forza della sua lirica. Antonia nasce a Milano nel 1912 in una famiglia benestante, vive la sua infanzia in una villa nobiliare, segue studi classici ed ama l\u2019alpinismo. La sua breve vita \u00e8 costellata da grandi amori impossibili, ostacolati o non ricambiati e dal suo costante rifiuto dei totalitarismi che laceravano la quotidianit\u00e0 dei suoi giorni. Nel 1938 Antonia attraversa una forte crisi emotiva scatenata dallo choc della promulgazione delle leggi razziali che costringono alcuni dei suoi amici pi\u00f9 cari ad espatriare. Una crisi dalla quale non si riprender\u00e0 pi\u00f9. Le sue poesie non hanno nulla di referenziale, sono riflessi della sua mente, dove la sua patria \u00e8 l\u2019altrove, la strada. La sua poesia \u00e8 per lei una maternit\u00e0 pi\u00f9 vasta, un controcanto alla disciplina e alla educazione che le appartengono. Cos\u00ec il 2 dicembre del 1938 Antonia si sdraia in un fosso, una mattina qualsiasi al ritorno dalla scuola dove insegnava, si imbottisce di barbiturici e si lascia morire lasciando espresse le sue volont\u00e0: \u201cDesidero essere sepolta\u2026 fra cespi di rododendro. Mi&nbsp; ritroverete in tutti i fossi che ho tanto amato. E non piangete perch\u00e9 io sono in pace\u201d. <\/p>\n\n\n\n<p> Buon viaggio&#8230; <br> <em>Samanta Tesi, Associazione culturale Pandora<\/em><\/p>\n\n\n\n<figure class=\"wp-block-embed-youtube wp-block-embed is-type-video is-provider-youtube wp-embed-aspect-16-9 wp-has-aspect-ratio\"><div class=\"wp-block-embed__wrapper\">\n<iframe title=\"Vertigine\" width=\"474\" height=\"267\" src=\"https:\/\/www.youtube.com\/embed\/ckyHg_6twI0?feature=oembed\" frameborder=\"0\" allow=\"accelerometer; autoplay; encrypted-media; gyroscope; picture-in-picture\" allowfullscreen><\/iframe>\n<\/div><figcaption><strong>Chiara Foianesi, attrice e speaker radiofonica, legge la poesia &#8220;Vertigine&#8221; di Antonia Pozzi<\/strong><\/figcaption><\/figure>\n","protected":false},"excerpt":{"rendered":"<p>Tiffany McDaniel. Bellissima e maledetta Casa \u00e8 un narratore che non riesce a ricordare se sia un&#8217;eroina o una criminale. Con questa frase apre la sua raccolta di poesie &#8220;Queste voci mi battono viva&#8221; l&#8217;autrice che vi presento quest&#8217;oggi: Tiffany McDaniel. Giovanissima, statunitense dell&#8217;Ohio, classe 1985, Tiffany esordisce con il suo primo romanzo a soli &hellip; <a href=\"https:\/\/www.ilgiornaledicarmignano.it\/?page_id=1771\" class=\"more-link\">Continua la lettura di <span class=\"screen-reader-text\">Samanta, passione sconfinata per il teatro e la poesia<\/span> <span class=\"meta-nav\">&rarr;<\/span><\/a><\/p>\n","protected":false},"author":1,"featured_media":0,"parent":1593,"menu_order":1,"comment_status":"closed","ping_status":"closed","template":"","meta":{"ngg_post_thumbnail":0},"_links":{"self":[{"href":"https:\/\/www.ilgiornaledicarmignano.it\/index.php?rest_route=\/wp\/v2\/pages\/1771"}],"collection":[{"href":"https:\/\/www.ilgiornaledicarmignano.it\/index.php?rest_route=\/wp\/v2\/pages"}],"about":[{"href":"https:\/\/www.ilgiornaledicarmignano.it\/index.php?rest_route=\/wp\/v2\/types\/page"}],"author":[{"embeddable":true,"href":"https:\/\/www.ilgiornaledicarmignano.it\/index.php?rest_route=\/wp\/v2\/users\/1"}],"replies":[{"embeddable":true,"href":"https:\/\/www.ilgiornaledicarmignano.it\/index.php?rest_route=%2Fwp%2Fv2%2Fcomments&post=1771"}],"version-history":[{"count":10,"href":"https:\/\/www.ilgiornaledicarmignano.it\/index.php?rest_route=\/wp\/v2\/pages\/1771\/revisions"}],"predecessor-version":[{"id":2178,"href":"https:\/\/www.ilgiornaledicarmignano.it\/index.php?rest_route=\/wp\/v2\/pages\/1771\/revisions\/2178"}],"up":[{"embeddable":true,"href":"https:\/\/www.ilgiornaledicarmignano.it\/index.php?rest_route=\/wp\/v2\/pages\/1593"}],"wp:attachment":[{"href":"https:\/\/www.ilgiornaledicarmignano.it\/index.php?rest_route=%2Fwp%2Fv2%2Fmedia&parent=1771"}],"curies":[{"name":"wp","href":"https:\/\/api.w.org\/{rel}","templated":true}]}}