{"id":1593,"date":"2020-04-22T11:11:29","date_gmt":"2020-04-22T09:11:29","guid":{"rendered":"http:\/\/www.ilgiornaledicarmignano.it\/?page_id=1593"},"modified":"2020-05-14T23:14:59","modified_gmt":"2020-05-14T21:14:59","slug":"langolo-di","status":"publish","type":"page","link":"https:\/\/www.ilgiornaledicarmignano.it\/?page_id=1593","title":{"rendered":"L&#8217;angolo di&#8230;"},"content":{"rendered":"\n<figure class=\"wp-block-image\"><img loading=\"lazy\" width=\"901\" height=\"521\" src=\"http:\/\/www.ilgiornaledicarmignano.it\/wp-content\/uploads\/2020\/04\/Foto-Pandora_giornale.jpg\" alt=\"\" class=\"wp-image-1672\" srcset=\"https:\/\/www.ilgiornaledicarmignano.it\/wp-content\/uploads\/2020\/04\/Foto-Pandora_giornale.jpg 901w, https:\/\/www.ilgiornaledicarmignano.it\/wp-content\/uploads\/2020\/04\/Foto-Pandora_giornale-300x173.jpg 300w, https:\/\/www.ilgiornaledicarmignano.it\/wp-content\/uploads\/2020\/04\/Foto-Pandora_giornale-768x444.jpg 768w\" sizes=\"(max-width: 901px) 100vw, 901px\" \/><\/figure>\n\n\n\n<h2><strong>Associazione culturale Pandora: arte, poesia<\/strong>, natura e non solo<\/h2>\n\n\n\n<p class=\"has-drop-cap\">Settembre 2016: in quel d\u00ec di Seano nasce <strong>l\u2019associazione culturale Pandora.<\/strong> E ce ne siamo accorti tutti. Con una formazione tutta al femminile, l\u2019associazione super attiva e dal carattere effervescente, sprizza cultura e amore per il bello e il buono da tutti i pori, con proposte innovative, originali, all\u2019avanguardia, decisamente al di l\u00e0 dell\u2019ordinario. <\/p>\n\n\n\n<p><strong>Da Pandora si impara, si apprende di tutto e di pi\u00f9.<\/strong> Il programma prevede qualcosa per tutte &#8211; ma proprio tutte! &#8211; le et\u00e0, con particolare attenzione all\u2019universo femminile, al rispetto per il pianeta, all\u2019arte in tutte le sue forme, alla creativit\u00e0, agli hobby pi\u00f9 disparati, alle attivit\u00e0 per bambini. Ovviamente c\u2019\u00e8 posto anche per i maschietti.<\/p>\n\n\n\n<p><strong>Eva Lombardi e le sorelle Tesi: Samanta e Veruska, sono le tre perle rare che tirano le fila <\/strong>di Pandora attingendo le idee dal loro back round fatto di interessi personali, esperienze, percorsi di studio e di apprendimento. Ognuna di loro coltiva una propria specialit\u00e0: Samanta il teatro e la poesia, Eva l\u2019arte e la creativit\u00e0, Veruska l\u2019agricoltura bio. Comunque sia, sanno fare tutto. <\/p>\n\n\n\n<p>Ovviamente il Covid-19 non poteva certamente fermare questi tre cicloni, infatti la loro pagina Facebook  \u201cAssociazione Pandora arte spettacolo e non solo\u201d, in questi giorni \u00e8 tutto un fervore. Poich\u00e9 l\u2019assessorato alla Cultura del Comune di Carmignano ha spesso coinvolto le \u201cpandore\u201d nella sua programmazione, lo abbiamo voluto fare ancora una volta chiedendo di inviarci alcuni loro contributi per battezzare la <strong>nuova rubrica di questo giornale, \u201cL\u2019angolo di\u2026\u201d<\/strong>.<\/p>\n\n\n\n<p><strong><a href=\"http:\/\/www.ilgiornaledicarmignano.it\/?page_id=1771\">Samanta, passione sconfinata per il teatro e la poesia<\/a><\/strong><\/p>\n\n\n\n<p><strong><a href=\"http:\/\/www.ilgiornaledicarmignano.it\/?page_id=1775\">Veruska&#8230; la Natura, una vera attrazione <\/a><\/strong><\/p>\n\n\n\n<p><strong><a href=\"http:\/\/www.ilgiornaledicarmignano.it\/?page_id=1778\">Eva, arte e creativit\u00e0 allo stato puro<\/a> <\/strong><\/p>\n\n\n\n<p><a href=\"http:\/\/www.ilgiornaledicarmignano.it\/?page_id=1790\"><strong>#Challenge | Cosa vedo dalla mia finestra?<\/strong><\/a><\/p>\n\n\n\n<p><\/p>\n","protected":false},"excerpt":{"rendered":"<p>Associazione culturale Pandora: arte, poesia, natura e non solo Settembre 2016: in quel d\u00ec di Seano nasce l\u2019associazione culturale Pandora. E ce ne siamo accorti tutti. Con una formazione tutta al femminile, l\u2019associazione super attiva e dal carattere effervescente, sprizza cultura e amore per il bello e il buono da tutti i pori, con proposte &hellip; <a href=\"https:\/\/www.ilgiornaledicarmignano.it\/?page_id=1593\" class=\"more-link\">Continua la lettura di <span class=\"screen-reader-text\">L&#8217;angolo di&#8230;<\/span> <span class=\"meta-nav\">&rarr;<\/span><\/a><\/p>\n","protected":false},"author":1,"featured_media":0,"parent":0,"menu_order":0,"comment_status":"closed","ping_status":"closed","template":"","meta":{"ngg_post_thumbnail":0},"_links":{"self":[{"href":"https:\/\/www.ilgiornaledicarmignano.it\/index.php?rest_route=\/wp\/v2\/pages\/1593"}],"collection":[{"href":"https:\/\/www.ilgiornaledicarmignano.it\/index.php?rest_route=\/wp\/v2\/pages"}],"about":[{"href":"https:\/\/www.ilgiornaledicarmignano.it\/index.php?rest_route=\/wp\/v2\/types\/page"}],"author":[{"embeddable":true,"href":"https:\/\/www.ilgiornaledicarmignano.it\/index.php?rest_route=\/wp\/v2\/users\/1"}],"replies":[{"embeddable":true,"href":"https:\/\/www.ilgiornaledicarmignano.it\/index.php?rest_route=%2Fwp%2Fv2%2Fcomments&post=1593"}],"version-history":[{"count":12,"href":"https:\/\/www.ilgiornaledicarmignano.it\/index.php?rest_route=\/wp\/v2\/pages\/1593\/revisions"}],"predecessor-version":[{"id":2018,"href":"https:\/\/www.ilgiornaledicarmignano.it\/index.php?rest_route=\/wp\/v2\/pages\/1593\/revisions\/2018"}],"wp:attachment":[{"href":"https:\/\/www.ilgiornaledicarmignano.it\/index.php?rest_route=%2Fwp%2Fv2%2Fmedia&parent=1593"}],"curies":[{"name":"wp","href":"https:\/\/api.w.org\/{rel}","templated":true}]}}